{"id":120,"date":"2016-07-27T11:16:41","date_gmt":"2016-07-27T08:16:41","guid":{"rendered":"http:\/\/www.anadolubasinmerkezi.com\/?page_id=120"},"modified":"2022-03-27T17:16:12","modified_gmt":"2022-03-27T14:16:12","slug":"iletisim","status":"publish","type":"page","link":"http:\/\/www.anadolubasinmerkezi.com\/?page_id=120","title":{"rendered":"\u0130leti\u015fim"},"content":{"rendered":"<p>Anadolu Bas\u0131n Merkezi<\/p>\n<p>Birlik Mahallesi 413. Sokak 18\/A \u00c7ankaya\/Ankara<\/p>\n<p>Tel:+90 (312) 496 01 09<\/p>\n<p>E-mail:proje@anadolubasinmerkezi.com<\/p>\n<p>Web:http:\/\/www.anadolubasinmerkezi.com<\/p>\n<p>Tasar\u0131m, Bask\u0131, Reklam, Haber, B\u00fct\u00e7e Deste\u011fi ve Da\u011f\u0131t\u0131m konusunda bilgi ve destek almak i\u00e7in a\u015fa\u011f\u0131daki formu doldurup taraf\u0131m\u0131za g\u00f6nderiniz.<\/p>\n<div role=\"form\" class=\"wpcf7\" id=\"wpcf7-f411-o1\" lang=\"tr-TR\" dir=\"ltr\">\n<div class=\"screen-reader-response\"><\/div>\n<form action=\"\/index.php?rest_route=%2Fwp%2Fv2%2Fpages%2F120#wpcf7-f411-o1\" method=\"post\" class=\"wpcf7-form\" novalidate=\"novalidate\">\n<div style=\"display: none;\">\n<input type=\"hidden\" name=\"_wpcf7\" value=\"411\" \/>\n<input type=\"hidden\" name=\"_wpcf7_version\" value=\"4.5.1\" \/>\n<input type=\"hidden\" name=\"_wpcf7_locale\" value=\"tr_TR\" \/>\n<input type=\"hidden\" name=\"_wpcf7_unit_tag\" value=\"wpcf7-f411-o1\" \/>\n<input type=\"hidden\" name=\"_wpnonce\" value=\"2becd57e25\" \/>\n<\/div>\n<p><label> Ad\u0131n\u0131z (gerekli)<br \/>\n    <span class=\"wpcf7-form-control-wrap your-name\"><input type=\"text\" name=\"your-name\" value=\"\" size=\"40\" class=\"wpcf7-form-control wpcf7-text wpcf7-validates-as-required\" aria-required=\"true\" aria-invalid=\"false\" \/><\/span> <\/label><\/p>\n<p><label> Epostan\u0131z (gerekli)<br \/>\n    <span class=\"wpcf7-form-control-wrap your-email\"><input type=\"email\" name=\"your-email\" value=\"\" size=\"40\" class=\"wpcf7-form-control wpcf7-text wpcf7-email wpcf7-validates-as-required wpcf7-validates-as-email\" aria-required=\"true\" aria-invalid=\"false\" \/><\/span> <\/label><\/p>\n<p><label> Konu<br \/>\n    <span class=\"wpcf7-form-control-wrap your-subject\"><input type=\"text\" name=\"your-subject\" value=\"\" size=\"40\" class=\"wpcf7-form-control wpcf7-text\" aria-invalid=\"false\" \/><\/span> <\/label><\/p>\n<p><label> \u0130letiniz<br \/>\n    <span class=\"wpcf7-form-control-wrap your-message\"><textarea name=\"your-message\" cols=\"40\" rows=\"10\" class=\"wpcf7-form-control wpcf7-textarea\" aria-invalid=\"false\"><\/textarea><\/span> <\/label><\/p>\n<p><label> \u00dccretsiz B\u00fclten Aboneli\u011fi i\u00e7in : (Mail adresinizi yaz\u0131n\u0131z)<br \/>\n    <span class=\"wpcf7-form-control-wrap mailadres\"><input type=\"text\" name=\"mailadres\" value=\"\" size=\"40\" class=\"wpcf7-form-control wpcf7-text\" aria-invalid=\"false\" \/><\/span> <\/label><\/p>\n<p><input type=\"submit\" value=\"G\u00f6nder\" class=\"wpcf7-form-control wpcf7-submit\" \/><\/p>\n<div class=\"wpcf7-response-output wpcf7-display-none\"><\/div><\/form><\/div>\n","protected":false},"excerpt":{"rendered":"<p>Anadolu Bas\u0131n Merkezi Birlik Mahallesi 413. Sokak 18\/A \u00c7ankaya\/Ankara Tel:+90&#8230; <\/p>\n","protected":false},"author":1,"featured_media":0,"parent":0,"menu_order":0,"comment_status":"closed","ping_status":"closed","template":"","meta":[],"_links":{"self":[{"href":"http:\/\/www.anadolubasinmerkezi.com\/index.php?rest_route=\/wp\/v2\/pages\/120"}],"collection":[{"href":"http:\/\/www.anadolubasinmerkezi.com\/index.php?rest_route=\/wp\/v2\/pages"}],"about":[{"href":"http:\/\/www.anadolubasinmerkezi.com\/index.php?rest_route=\/wp\/v2\/types\/page"}],"author":[{"embeddable":true,"href":"http:\/\/www.anadolubasinmerkezi.com\/index.php?rest_route=\/wp\/v2\/users\/1"}],"replies":[{"embeddable":true,"href":"http:\/\/www.anadolubasinmerkezi.com\/index.php?rest_route=%2Fwp%2Fv2%2Fcomments&post=120"}],"version-history":[{"count":1,"href":"http:\/\/www.anadolubasinmerkezi.com\/index.php?rest_route=\/wp\/v2\/pages\/120\/revisions"}],"predecessor-version":[{"id":419,"href":"http:\/\/www.anadolubasinmerkezi.com\/index.php?rest_route=\/wp\/v2\/pages\/120\/revisions\/419"}],"wp:attachment":[{"href":"http:\/\/www.anadolubasinmerkezi.com\/index.php?rest_route=%2Fwp%2Fv2%2Fmedia&parent=120"}],"curies":[{"name":"wp","href":"https:\/\/api.w.org\/{rel}","templated":true}]}}