{"id":124,"date":"2016-07-27T11:22:07","date_gmt":"2016-07-27T08:22:07","guid":{"rendered":"http:\/\/www.anadolubasinmerkezi.com\/?page_id=124"},"modified":"2016-07-27T11:22:07","modified_gmt":"2016-07-27T08:22:07","slug":"hakkimizda","status":"publish","type":"page","link":"http:\/\/www.anadolubasinmerkezi.com\/?page_id=124","title":{"rendered":"Hakk\u0131m\u0131zda"},"content":{"rendered":"<div class=\"one_half\">\n<img src=\"http:\/\/www.anadolubasin.com\/wp-content\/uploads\/2016\/11\/hakkimizdan1.jpg\" \/><\/div>\n<div class=\"one_half last\">\nAnadolu Bas\u0131n Merkezi, gazeteci Levent AKBAY taraf\u0131ndan 2005 y\u0131l\u0131nda Ankara\u2019da kuruldu. B\u00fct\u00e7e deste\u011fi ile kurumlar, dernekler, medya kurulu\u015flar\u0131 i\u00e7in projeler geli\u015ftiren Anadolu Bas\u0131n Merkezi; Ekonomik i\u00e7erikli gazete ekleri, dergi, yurt i\u00e7i ve yurt d\u0131\u015f\u0131 katalog gibi i\u00e7erikli yay\u0131nlar\u0131n \u00fcretiminde uzmanla\u015ft\u0131.<\/p>\n<p>Bunlar\u0131n yan\u0131 s\u0131ra; Faaliyet Raporlar\u0131, Bilan\u00e7olar, B\u00f6lge Planlar\u0131, Sekt\u00f6rel Raporlar, Kalk\u0131nma Planlar\u0131 gibi sekt\u00f6rel \u00e7al\u0131\u015fmalar\u0131 haz\u0131rlay\u0131p basmaktad\u0131r.<\/p>\n<p>Anadolu Bas\u0131n Merkezi, kalabal\u0131k, se\u00e7kin, fonksiyonel ve iddial\u0131 kadrosuyla 2005\u2019ten bu yana \u00f6zellikle yaz\u0131l\u0131 medya kurulu\u015flar\u0131na, finansman\u0131 sa\u011flanm\u0131\u015f, \u201creklam-haber\u201d tabanl\u0131 \u201cpaket teslim\u201d projeler \u00fcretiyor.<\/p>\n<p>Anadolu Bas\u0131n Merkezi T\u00fcrkiye medyas\u0131nda bir ilki ger\u00e7ekle\u015ftirerek sekt\u00f6rde klasik yap\u0131lanma, klasik i\u015fb\u00f6l\u00fcm\u00fc ve dogmatik organizasyonlardan \u00e7ok farkl\u0131, tek ya da \u00e7ok merkezden T\u00fcrkiye\u2019yi yerelde ve ulusalda kavrayan h\u0131zl\u0131 ve esnek bir yap\u0131lanmay\u0131 ger\u00e7ekle\u015ftirerek b\u00fcy\u00fcyor. \u00dcretiminde, finansal destek modelleri ile projelerinizi hayata ge\u00e7iriyoruz.\n<\/p><\/div>\n","protected":false},"excerpt":{"rendered":"<p>Anadolu Bas\u0131n Merkezi, gazeteci Levent AKBAY taraf\u0131ndan 2005 y\u0131l\u0131nda Ankara\u2019da&#8230; <\/p>\n","protected":false},"author":1,"featured_media":0,"parent":0,"menu_order":0,"comment_status":"closed","ping_status":"closed","template":"template-full-width.php","meta":[],"_links":{"self":[{"href":"http:\/\/www.anadolubasinmerkezi.com\/index.php?rest_route=\/wp\/v2\/pages\/124"}],"collection":[{"href":"http:\/\/www.anadolubasinmerkezi.com\/index.php?rest_route=\/wp\/v2\/pages"}],"about":[{"href":"http:\/\/www.anadolubasinmerkezi.com\/index.php?rest_route=\/wp\/v2\/types\/page"}],"author":[{"embeddable":true,"href":"http:\/\/www.anadolubasinmerkezi.com\/index.php?rest_route=\/wp\/v2\/users\/1"}],"replies":[{"embeddable":true,"href":"http:\/\/www.anadolubasinmerkezi.com\/index.php?rest_route=%2Fwp%2Fv2%2Fcomments&post=124"}],"version-history":[{"count":0,"href":"http:\/\/www.anadolubasinmerkezi.com\/index.php?rest_route=\/wp\/v2\/pages\/124\/revisions"}],"wp:attachment":[{"href":"http:\/\/www.anadolubasinmerkezi.com\/index.php?rest_route=%2Fwp%2Fv2%2Fmedia&parent=124"}],"curies":[{"name":"wp","href":"https:\/\/api.w.org\/{rel}","templated":true}]}}