{"id":20,"date":"2016-07-01T16:47:11","date_gmt":"2016-07-01T13:47:11","guid":{"rendered":"http:\/\/www.anadolubasinmerkezi.com\/?page_id=20"},"modified":"2022-03-26T18:09:53","modified_gmt":"2022-03-26T15:09:53","slug":"butce-destekli","status":"publish","type":"page","link":"http:\/\/www.anadolubasinmerkezi.com\/?page_id=20","title":{"rendered":"B\u00fct\u00e7e Destekli Sipari\u015f Teklifi"},"content":{"rendered":"<p>Tasar\u0131m\u0131n ve bask\u0131n\u0131n yan\u0131na uzmanl\u0131\u011f\u0131m\u0131z\u0131 konu\u015fturup, projenize ilanlarla, haberlerle destek olup s\u00fcreklili\u011fini sa\u011flayabiliriz.<\/p>\n<div role=\"form\" class=\"wpcf7\" id=\"wpcf7-f410-o1\" lang=\"tr-TR\" dir=\"ltr\">\n<div class=\"screen-reader-response\"><\/div>\n<form action=\"\/index.php?rest_route=%2Fwp%2Fv2%2Fpages%2F20#wpcf7-f410-o1\" method=\"post\" class=\"wpcf7-form\" novalidate=\"novalidate\">\n<div style=\"display: none;\">\n<input type=\"hidden\" name=\"_wpcf7\" value=\"410\" \/>\n<input type=\"hidden\" name=\"_wpcf7_version\" value=\"4.5.1\" \/>\n<input type=\"hidden\" name=\"_wpcf7_locale\" value=\"tr_TR\" \/>\n<input type=\"hidden\" name=\"_wpcf7_unit_tag\" value=\"wpcf7-f410-o1\" \/>\n<input type=\"hidden\" name=\"_wpnonce\" value=\"de78192abc\" \/>\n<\/div>\n<table>\n<tr>\n<td><label><font color=\"#999999\"> \u00c7al\u0131\u015fma Tipi\/\u0130smi : <\/font> <span class=\"wpcf7-form-control-wrap proje_adi\"><input type=\"text\" name=\"proje_adi\" value=\"\" size=\"40\" class=\"wpcf7-form-control wpcf7-text\" aria-invalid=\"false\" \/><\/span> (Formu doldurabilir veya a\u00e7\u0131klama yerine kopyala yap\u0131\u015ft\u0131r yapabilirsiniz.)<\/label><br \/>\n<h3 style=\"color:#e6ac00\"><span class=\"wpcf7-form-control-wrap teklif_bilgi\"><span class=\"wpcf7-form-control wpcf7-checkbox\"><span class=\"wpcf7-list-item first\"><span class=\"wpcf7-list-item-label\">BASKI istiyorum<\/span>&nbsp;<input type=\"checkbox\" name=\"teklif_bilgi[]\" value=\"BASKI istiyorum\" \/><\/span><span class=\"wpcf7-list-item\"><span class=\"wpcf7-list-item-label\">TASARIM istiyorum<\/span>&nbsp;<input type=\"checkbox\" name=\"teklif_bilgi[]\" value=\"TASARIM istiyorum\" \/><\/span><span class=\"wpcf7-list-item\"><span class=\"wpcf7-list-item-label\">REKLAM istiyorum<\/span>&nbsp;<input type=\"checkbox\" name=\"teklif_bilgi[]\" value=\"REKLAM istiyorum\" \/><\/span><span class=\"wpcf7-list-item\"><span class=\"wpcf7-list-item-label\">+ HABER<\/span>&nbsp;<input type=\"checkbox\" name=\"teklif_bilgi[]\" value=\"+ HABER\" \/><\/span><span class=\"wpcf7-list-item last\"><span class=\"wpcf7-list-item-label\">+ B\u00dcT\u00c7E DESTE\u011e\u0130<\/span>&nbsp;<input type=\"checkbox\" name=\"teklif_bilgi[]\" value=\"+ B\u00dcT\u00c7E DESTE\u011e\u0130\" \/><\/span><\/span><\/span><\/H3>\n<td>\n<\/tr>\n<\/table>\n<table>\n<tr>\n<td><label>Boyut(cm) :<br \/>\n<span class=\"wpcf7-form-control-wrap boyut\"><input type=\"text\" name=\"boyut\" value=\"\" size=\"40\" class=\"wpcf7-form-control wpcf7-text\" aria-invalid=\"false\" \/><\/span><\/label><br \/>\n<label>  <\/label> <\/p>\n<p><label>Miktar(Adet) :<br \/>\n<span class=\"wpcf7-form-control-wrap miktar\"><input type=\"text\" name=\"miktar\" value=\"Bask\u0131 Adedi Giriniz (Adet) :\" size=\"40\" class=\"wpcf7-form-control wpcf7-text\" aria-invalid=\"false\" \/><\/span><\/label><br \/>\n<label>  <\/label> <\/p>\n<p><label>\u0130\u00e7 Sayfa Say\u0131s\u0131 :<br \/>\n<span class=\"wpcf7-form-control-wrap sayfa_sayisi\"><input type=\"text\" name=\"sayfa_sayisi\" value=\"\" size=\"40\" class=\"wpcf7-form-control wpcf7-text\" aria-invalid=\"false\" \/><\/span><\/label><br \/>\n<label>  <\/label> <\/p>\n<\/td>\n<td><label>\u0130\u00e7 Ka\u011f\u0131t t\u00fcr\u00fc :<br \/>\n     <span class=\"wpcf7-form-control-wrap kagit_turu\"><select name=\"kagit_turu\" class=\"wpcf7-form-control wpcf7-select\" aria-invalid=\"false\"><option value=\"Se\u00e7iniz\">Se\u00e7iniz<\/option><option value=\"1.Hamur\">1.Hamur<\/option><option value=\"Mat Ku\u015fe\">Mat Ku\u015fe<\/option><option value=\"Parlak Ku\u015fe\">Parlak Ku\u015fe<\/option><\/select><\/span><\/label><br \/>\n<label>  <\/label> <\/p>\n<p><label>\u0130\u00e7 Ka\u011f\u0131t Gramaj\u0131(Gram) :<br \/>\n<span class=\"wpcf7-form-control-wrap kagit_gramaji\"><input type=\"text\" name=\"kagit_gramaji\" value=\"\" size=\"40\" class=\"wpcf7-form-control wpcf7-text\" aria-invalid=\"false\" \/><\/span><\/label><br \/>\n<label>  <\/label><\/p>\n<p><label>\u0130\u00e7 Renk Say\u0131s\u0131 :<br \/>\n     <span class=\"wpcf7-form-control-wrap renk\"><select name=\"renk\" class=\"wpcf7-form-control wpcf7-select\" aria-invalid=\"false\"><option value=\"Se\u00e7iniz\">Se\u00e7iniz<\/option><option value=\"2 Renk\">2 Renk<\/option><option value=\"3 Renk\">3 Renk<\/option><option value=\"4 Renk\">4 Renk<\/option><option value=\"4 Renk + 1 Pantone\">4 Renk + 1 Pantone<\/option><\/select><\/span><\/label><\/p>\n<p><label>  <\/label>\n<\/td>\n<td><label>\u0130\u00e7 Dispersiyon Lak :<br \/>\n     <span class=\"wpcf7-form-control-wrap dispersiyon_lak\"><select name=\"dispersiyon_lak\" class=\"wpcf7-form-control wpcf7-select\" aria-invalid=\"false\"><option value=\"Se\u00e7iniz\">Se\u00e7iniz<\/option><option value=\"Mat lak\">Mat lak<\/option><option value=\"Parlak lak\">Parlak lak<\/option><\/select><\/span><\/label><\/p>\n<p><label>  <\/label> <\/p>\n<p><label>\u0130\u00e7 Lak Uygulama :<br \/>\n     <span class=\"wpcf7-form-control-wrap lak_uygulama\"><select name=\"lak_uygulama\" class=\"wpcf7-form-control wpcf7-select\" aria-invalid=\"false\"><option value=\"Se\u00e7iniz\">Se\u00e7iniz<\/option><option value=\"B\u00f6lgesel\">B\u00f6lgesel<\/option><option value=\"Kabartma\">Kabartma<\/option><\/select><\/span><\/label><\/p>\n<p><label>Cilt Tipi :<br \/>\n     <span class=\"wpcf7-form-control-wrap cilt_tipi\"><select name=\"cilt_tipi\" class=\"wpcf7-form-control wpcf7-select\" aria-invalid=\"false\"><option value=\"Se\u00e7iniz\">Se\u00e7iniz<\/option><option value=\"Amerikan Cilt\">Amerikan Cilt<\/option><option value=\"\u0130plik Diki\u015f\">\u0130plik Diki\u015f<\/option><option value=\"Omega Tel Diki\u015f\">Omega Tel Diki\u015f<\/option><option value=\"S\u0131vama Kapak\">S\u0131vama Kapak<\/option><option value=\"Spiral\">Spiral<\/option><option value=\"Tel Diki\u015f\">Tel Diki\u015f<\/option><\/select><\/span><\/label><\/td>\n<\/tr>\n<\/table>\n<h3 style=\"color:#D5B77A\"><span class=\"wpcf7-form-control-wrap teklif_bilgi\"><span class=\"wpcf7-form-control wpcf7-checkbox\"><span class=\"wpcf7-list-item first last\"><span class=\"wpcf7-list-item-label\">Kapak Var<\/span>&nbsp;<input type=\"checkbox\" name=\"teklif_bilgi[]\" value=\"Kapak Var\" \/><\/span><\/span><\/span><\/H3><\/p>\n<table>\n<tr>\n<td><label>Kapak Ka\u011f\u0131t t\u00fcr\u00fc :<br \/>\n     <span class=\"wpcf7-form-control-wrap kapak_kagit_turu\"><select name=\"kapak_kagit_turu\" class=\"wpcf7-form-control wpcf7-select\" aria-invalid=\"false\"><option value=\"Se\u00e7iniz\">Se\u00e7iniz<\/option><option value=\"1.Hamur\">1.Hamur<\/option><option value=\"Mat Ku\u015fe\">Mat Ku\u015fe<\/option><option value=\"Parlak Ku\u015fe\">Parlak Ku\u015fe<\/option><\/select><\/span><\/label><br \/>\n<label>  <\/label><\/p>\n<p><label>Kapak Ka\u011f\u0131t Gramaj\u0131(Gram) :<br \/>\n<span class=\"wpcf7-form-control-wrap kapak_kagit_gramaji\"><input type=\"text\" name=\"kapak_kagit_gramaji\" value=\"\" size=\"40\" class=\"wpcf7-form-control wpcf7-text\" aria-invalid=\"false\" \/><\/span><\/label><\/td>\n<td><label>Kapak Renk Say\u0131s\u0131 :<br \/>\n     <span class=\"wpcf7-form-control-wrap kapak_renk\"><select name=\"kapak_renk\" class=\"wpcf7-form-control wpcf7-select\" aria-invalid=\"false\"><option value=\"Se\u00e7iniz\">Se\u00e7iniz<\/option><option value=\"2 Renk\">2 Renk<\/option><option value=\"3 Renk\">3 Renk<\/option><option value=\"4 Renk\">4 Renk<\/option><option value=\"4 Renk + 1 Pantone\">4 Renk + 1 Pantone<\/option><\/select><\/span><\/label><br \/>\n<label>  <\/label><\/p>\n<p><label>Kapak Selefon :<br \/>\n<span class=\"wpcf7-form-control-wrap kapak_selefon\"><select name=\"kapak_selefon\" class=\"wpcf7-form-control wpcf7-select\" aria-invalid=\"false\"><option value=\"Se\u00e7iniz\">Se\u00e7iniz<\/option><option value=\"Kadife\">Kadife<\/option><option value=\"Mat\">Mat<\/option><option value=\"Parlak\">Parlak<\/option><\/select><\/span><\/label><\/td>\n<td><label>Kapak Dispersiyon Lak :<br \/>\n<span class=\"wpcf7-form-control-wrap kapak_dispersiyon_lak\"><select name=\"kapak_dispersiyon_lak\" class=\"wpcf7-form-control wpcf7-select\" aria-invalid=\"false\"><option value=\"Se\u00e7iniz\">Se\u00e7iniz<\/option><option value=\"Mat lak\">Mat lak<\/option><option value=\"Parlak lak\">Parlak lak<\/option><\/select><\/span><\/label><br \/>\n<label>  <\/label><\/p>\n<p><label>Kapak Lak Uygulama :<br \/>\n     <span class=\"wpcf7-form-control-wrap kapak_lak_uygulama\"><select name=\"kapak_lak_uygulama\" class=\"wpcf7-form-control wpcf7-select\" aria-invalid=\"false\"><option value=\"Se\u00e7iniz\">Se\u00e7iniz<\/option><option value=\"B\u00f6lgesel\">B\u00f6lgesel<\/option><option value=\"Kabartma\">Kabartma<\/option><\/select><\/span><\/label><\/td>\n<td><label>Kapak Gofre \/ Varak :<br \/>\n<span class=\"wpcf7-form-control-wrap gofre_varak\"><select name=\"gofre_varak\" class=\"wpcf7-form-control wpcf7-select\" aria-invalid=\"false\"><option value=\"Se\u00e7iniz\">Se\u00e7iniz<\/option><option value=\"Gofre\">Gofre<\/option><option value=\"Varak\">Varak<\/option><\/select><\/span><\/label><br \/>\n<label>  <\/label><\/p>\n<p><label>Kapak B\u0131\u00e7ak \/ \u00d6zel Kesim :<br \/>\n     <span class=\"wpcf7-form-control-wrap bicak_ozelkesim\"><select name=\"bicak_ozelkesim\" class=\"wpcf7-form-control wpcf7-select\" aria-invalid=\"false\"><option value=\"Se\u00e7iniz\">Se\u00e7iniz<\/option><option value=\"B\u0131\u00e7ak\">B\u0131\u00e7ak<\/option><option value=\"\u00d6zel Kesim\">\u00d6zel Kesim<\/option><\/select><\/span><\/label><\/td>\n<\/tr>\n<\/table>\n<table>\n<tr>\n<td><font color=\"#999999\"> Teklif \u0130steyen(Kurum\/Ki\u015fi) :<br\/> <\/font> <span class=\"wpcf7-form-control-wrap isim\"><input type=\"text\" name=\"isim\" value=\"\" size=\"40\" class=\"wpcf7-form-control wpcf7-text wpcf7-validates-as-required\" aria-required=\"true\" aria-invalid=\"false\" \/><\/span><font color=\"#999999\"><br\/>Mail Adresi :<br\/><\/font> <span class=\"wpcf7-form-control-wrap mailadr\"><input type=\"text\" name=\"mailadr\" value=\"\" size=\"40\" class=\"wpcf7-form-control wpcf7-text wpcf7-validates-as-required\" aria-required=\"true\" aria-invalid=\"false\" \/><\/span><font color=\"#999999\"><br\/>Tel No :<br\/> <\/font> <span class=\"wpcf7-form-control-wrap telno\"><input type=\"text\" name=\"telno\" value=\"\" size=\"40\" class=\"wpcf7-form-control wpcf7-text\" aria-invalid=\"false\" \/><\/span><\/p>\n<\/td>\n<td><label>A\u00e7\u0131klama(Not) :<br \/>\n<span class=\"wpcf7-form-control-wrap aciklama\"><textarea name=\"aciklama\" cols=\"40\" rows=\"10\" class=\"wpcf7-form-control wpcf7-textarea\" aria-invalid=\"false\" placeholder=\"Formu Doldurmak yerine kopyala yap\u0131\u015ft\u0131r yapabilirsiniz.\"><\/textarea><\/span> <\/label>\n<\/td>\n<\/tr>\n<\/table>\n<table>\n<tr>\n<td>\n<h4 style=\"color:#4d4dff\"><span class=\"wpcf7-form-control-wrap acil_baski\"><span class=\"wpcf7-form-control wpcf7-checkbox\"><span class=\"wpcf7-list-item first\"><span class=\"wpcf7-list-item-label\">Acil Bask\u0131<\/span>&nbsp;<input type=\"checkbox\" name=\"acil_baski[]\" value=\"Acil Bask\u0131\" \/><\/span><span class=\"wpcf7-list-item last\"><span class=\"wpcf7-list-item-label\">Ekonomik<\/span>&nbsp;<input type=\"checkbox\" name=\"acil_baski[]\" value=\"Ekonomik\" \/><\/span><\/span><\/span><input type=\"submit\" value=\"Teklifi G\u00f6nder\" class=\"wpcf7-form-control wpcf7-submit\" \/><\/H4>\n<\/td>\n<\/tr>\n<\/table>\n<div class=\"wpcf7-response-output wpcf7-display-none\"><\/div><\/form><\/div>\n","protected":false},"excerpt":{"rendered":"<p>Tasar\u0131m\u0131n ve bask\u0131n\u0131n yan\u0131na uzmanl\u0131\u011f\u0131m\u0131z\u0131 konu\u015fturup, projenize ilanlarla, haberlerle destek&#8230; <\/p>\n","protected":false},"author":1,"featured_media":0,"parent":0,"menu_order":0,"comment_status":"closed","ping_status":"closed","template":"template-full-width.php","meta":[],"_links":{"self":[{"href":"http:\/\/www.anadolubasinmerkezi.com\/index.php?rest_route=\/wp\/v2\/pages\/20"}],"collection":[{"href":"http:\/\/www.anadolubasinmerkezi.com\/index.php?rest_route=\/wp\/v2\/pages"}],"about":[{"href":"http:\/\/www.anadolubasinmerkezi.com\/index.php?rest_route=\/wp\/v2\/types\/page"}],"author":[{"embeddable":true,"href":"http:\/\/www.anadolubasinmerkezi.com\/index.php?rest_route=\/wp\/v2\/users\/1"}],"replies":[{"embeddable":true,"href":"http:\/\/www.anadolubasinmerkezi.com\/index.php?rest_route=%2Fwp%2Fv2%2Fcomments&post=20"}],"version-history":[{"count":1,"href":"http:\/\/www.anadolubasinmerkezi.com\/index.php?rest_route=\/wp\/v2\/pages\/20\/revisions"}],"predecessor-version":[{"id":414,"href":"http:\/\/www.anadolubasinmerkezi.com\/index.php?rest_route=\/wp\/v2\/pages\/20\/revisions\/414"}],"wp:attachment":[{"href":"http:\/\/www.anadolubasinmerkezi.com\/index.php?rest_route=%2Fwp%2Fv2%2Fmedia&parent=20"}],"curies":[{"name":"wp","href":"https:\/\/api.w.org\/{rel}","templated":true}]}}