{"id":251,"date":"2016-11-17T12:33:49","date_gmt":"2016-11-17T10:33:49","guid":{"rendered":"http:\/\/www.anadolubasinmerkezi.com\/?page_id=251"},"modified":"2022-03-27T17:17:18","modified_gmt":"2022-03-27T14:17:18","slug":"reklam","status":"publish","type":"page","link":"http:\/\/www.anadolubasinmerkezi.com\/?page_id=251","title":{"rendered":"Reklam"},"content":{"rendered":"<div role=\"form\" class=\"wpcf7\" id=\"wpcf7-f412-o1\" lang=\"tr-TR\" dir=\"ltr\">\n<div class=\"screen-reader-response\"><\/div>\n<form action=\"\/index.php?rest_route=%2Fwp%2Fv2%2Fpages%2F251#wpcf7-f412-o1\" method=\"post\" class=\"wpcf7-form\" novalidate=\"novalidate\">\n<div style=\"display: none;\">\n<input type=\"hidden\" name=\"_wpcf7\" value=\"412\" \/>\n<input type=\"hidden\" name=\"_wpcf7_version\" value=\"4.5.1\" \/>\n<input type=\"hidden\" name=\"_wpcf7_locale\" value=\"tr_TR\" \/>\n<input type=\"hidden\" name=\"_wpcf7_unit_tag\" value=\"wpcf7-f412-o1\" \/>\n<input type=\"hidden\" name=\"_wpnonce\" value=\"65d1f01362\" \/>\n<\/div>\n<table>\n<tr>\n<td>\n<h3 style=\"color:#e6ac00\"><span class=\"wpcf7-form-control-wrap teklif_bilgi\"><span class=\"wpcf7-form-control wpcf7-checkbox\"><span class=\"wpcf7-list-item first last\"><span class=\"wpcf7-list-item-label\">REKLAM Vermek istiyorum<\/span>&nbsp;<input type=\"checkbox\" name=\"teklif_bilgi[]\" value=\"REKLAM Vermek istiyorum\" \/><\/span><\/span><\/span><\/H3><br \/>\n<label><font color=\"#999999\"> Reklam Veren:&nbsp;&nbsp;&nbsp;&nbsp;&nbsp;&nbsp;&nbsp;&nbsp;&nbsp;&nbsp;&nbsp;&nbsp;&nbsp;&nbsp;&nbsp;&nbsp;&nbsp;&nbsp;<\/font> <span class=\"wpcf7-form-control-wrap sirket_adi\"><input type=\"text\" name=\"sirket_adi\" value=\"\" size=\"40\" class=\"wpcf7-form-control wpcf7-text\" aria-invalid=\"false\" \/><\/span> <\/label><label><br\/><font color=\"#999999\"> Reklam Veren Ad Soyad : <\/font> <span class=\"wpcf7-form-control-wrap yetkili_adi\"><input type=\"text\" name=\"yetkili_adi\" value=\"\" size=\"40\" class=\"wpcf7-form-control wpcf7-text\" aria-invalid=\"false\" \/><\/span> <\/label>\n<td>\n<\/tr>\n<\/table>\n<table>\n<tr>\n<td><label>Reklam Boyutlar\u0131 :<br \/>\n     <span class=\"wpcf7-form-control-wrap boyut\"><select name=\"boyut\" class=\"wpcf7-form-control wpcf7-select\" aria-invalid=\"false\"><option value=\"Se\u00e7iniz\">Se\u00e7iniz<\/option><option value=\"Tam Sayfa\">Tam Sayfa<\/option><option value=\"Yar\u0131m Sayfa\">Yar\u0131m Sayfa<\/option><option value=\"\u00c7eyrek Sayfa\">\u00c7eyrek Sayfa<\/option><\/select><\/span><\/label><br \/>\n<label>  <\/label> <\/p>\n<p><label>Reklam Alan\u0131 :<br \/>\n     <span class=\"wpcf7-form-control-wrap ozel_boyut\"><select name=\"ozel_boyut\" class=\"wpcf7-form-control wpcf7-select\" aria-invalid=\"false\"><option value=\"Se\u00e7iniz\">Se\u00e7iniz<\/option><option value=\"Arka Kapak\">Arka Kapak<\/option><option value=\"\u00d6n Kapak \u0130\u00e7i\">\u00d6n Kapak \u0130\u00e7i<\/option><option value=\"\u00d6n Kapak \u0130\u00e7i\">\u00d6n Kapak \u0130\u00e7i<\/option><option value=\"G\u00f6bek \u0130lan(Kar\u015f\u0131l\u0131kl\u0131 2 Tam Sayfa)\">G\u00f6bek \u0130lan(Kar\u015f\u0131l\u0131kl\u0131 2 Tam Sayfa)<\/option><\/select><\/span><\/label><br \/>\n<label>  <\/label><\/td>\n<td><label>Yer almak istenilen projeler :<br \/>\n     <span class=\"wpcf7-form-control-wrap reklam_proje\"><select name=\"reklam_proje\" class=\"wpcf7-form-control wpcf7-select\" aria-invalid=\"false\"><option value=\"Se\u00e7iniz\">Se\u00e7iniz<\/option><option value=\"Sekt\u00f6rel Yay\u0131n\">Sekt\u00f6rel Yay\u0131n<\/option><option value=\"\u00d6zel Projeler\">\u00d6zel Projeler<\/option><option value=\"S\u00fcrekli Yay\u0131n\">S\u00fcrekli Yay\u0131n<\/option><\/select><\/span><\/label><br \/>\n<label>  <\/label> <\/p>\n<p><label>Ka\u00e7 say\u0131 yer al\u0131naca\u011f\u0131 :<br \/>\n     <span class=\"wpcf7-form-control-wrap reklam_sayi\"><select name=\"reklam_sayi\" class=\"wpcf7-form-control wpcf7-select\" aria-invalid=\"false\"><option value=\"Se\u00e7iniz\">Se\u00e7iniz<\/option><option value=\"1\">1<\/option><option value=\"2\">2<\/option><option value=\"3\">3<\/option><option value=\"4\">4<\/option><option value=\"5\">5<\/option><option value=\"6\">6<\/option><option value=\"7\">7<\/option><option value=\"8\">8<\/option><option value=\"9\">9<\/option><option value=\"10\">10<\/option><option value=\"11\">11<\/option><option value=\"12\">12<\/option><\/select><\/span><\/label><br \/>\n<label>  <\/label><\/td>\n<td><label>Faaliyet g\u00f6sterilen sekt\u00f6r :<br \/>\n     <span class=\"wpcf7-form-control-wrap sektor\"><input type=\"text\" name=\"sektor\" value=\"\" size=\"40\" class=\"wpcf7-form-control wpcf7-text\" aria-invalid=\"false\" \/><\/span><\/label><br \/>\n<label>  <\/label> <\/p>\n<p><label>Ay\u0131rd\u0131\u011f\u0131n\u0131z B\u00fct\u00e7e :<br \/>\n     <span class=\"wpcf7-form-control-wrap reklam_butce\"><input type=\"text\" name=\"reklam_butce\" value=\"\" size=\"40\" class=\"wpcf7-form-control wpcf7-text\" aria-invalid=\"false\" \/><\/span><\/label><br \/>\n<label>  <\/label><\/td>\n<td><label>Yer almak istenen proje ad\u0131 :<br \/>\n     <span class=\"wpcf7-form-control-wrap proje_bilgi\"><textarea name=\"proje_bilgi\" cols=\"40\" rows=\"10\" class=\"wpcf7-form-control wpcf7-textarea\" aria-invalid=\"false\" placeholder=\"Odavizyon, Kimyasal Forum, \u0130kdisadi Kalk\u0131nma Vakf\u0131\"><\/textarea><\/span><\/label><br \/>\n<label>  <\/label> <\/p>\n<\/td>\n<\/tr>\n<\/table>\n<table>\n<tr>\n<td>\n<p>\u0130lan tasar\u0131mlar\u0131 i\u00e7in grafiker ekibimiz \u00fccretsiz olarak destek versin mi?<br \/>\n<span class=\"wpcf7-form-control-wrap grafikdestek\"><span class=\"wpcf7-form-control wpcf7-radio\"><span class=\"wpcf7-list-item first\"><span class=\"wpcf7-list-item-label\">Evet<\/span>&nbsp;<input type=\"radio\" name=\"grafikdestek\" value=\"Evet\" checked=\"checked\" \/><\/span><span class=\"wpcf7-list-item last\"><span class=\"wpcf7-list-item-label\">Hay\u0131r<\/span>&nbsp;<input type=\"radio\" name=\"grafikdestek\" value=\"Hay\u0131r\" \/><\/span><\/span><\/span>\n<\/td>\n<\/tr>\n<\/table>\n<table>\n<tr>\n<td>\nHaber \u00c7al\u0131\u015fmas\u0131 :<\/br><br \/>\nReklam \u00e7al\u0131\u015fmalar\u0131n\u0131n yan\u0131nda haber \u00e7al\u0131\u015fmas\u0131 ile yer alabilirsiniz.<br \/>\n2 A4 boyutunu ge\u00e7meyecek \u015fekilde bas\u0131n b\u00fclteni eklemek i\u00e7in;<br \/>\n<label><span class=\"wpcf7-form-control-wrap aciklama\"><textarea name=\"aciklama\" cols=\"40\" rows=\"10\" class=\"wpcf7-form-control wpcf7-textarea\" aria-invalid=\"false\" placeholder=\"2 A4 boyutunu ge\u00e7meyecek haber \u00e7al\u0131\u015fmas\u0131n\u0131 buraya kopyalayabilirsiniz.\"><\/textarea><\/span> <\/label><\/p>\n<\/td>\n<\/tr>\n<\/table>\n<table>\n<tr>\n<td><font color=\"#999999\"> Ad Soyad:<br\/> <\/font> <span class=\"wpcf7-form-control-wrap isim\"><input type=\"text\" name=\"isim\" value=\"\" size=\"40\" class=\"wpcf7-form-control wpcf7-text wpcf7-validates-as-required\" aria-required=\"true\" aria-invalid=\"false\" \/><\/span><font color=\"#999999\"><br\/>Mail Adresi :<br\/><\/font> <span class=\"wpcf7-form-control-wrap mailadr\"><input type=\"text\" name=\"mailadr\" value=\"\" size=\"40\" class=\"wpcf7-form-control wpcf7-text wpcf7-validates-as-required\" aria-required=\"true\" aria-invalid=\"false\" \/><\/span><font color=\"#999999\"><br\/>Tel No :<br\/> <\/font> <span class=\"wpcf7-form-control-wrap telno\"><input type=\"text\" name=\"telno\" value=\"\" size=\"40\" class=\"wpcf7-form-control wpcf7-text wpcf7-validates-as-required\" aria-required=\"true\" aria-invalid=\"false\" \/><\/span><\/p>\n<\/td>\n<\/tr>\n<\/table>\n<table>\n<tr>\n<td>\n<h4 style=\"color:#4d4dff\"><input type=\"submit\" value=\"Teklifi G\u00f6nder\" class=\"wpcf7-form-control wpcf7-submit\" \/><\/H4>\n<\/td>\n<\/tr>\n<\/table>\n<div class=\"wpcf7-response-output wpcf7-display-none\"><\/div><\/form><\/div>\n","protected":false},"excerpt":{"rendered":"","protected":false},"author":1,"featured_media":0,"parent":0,"menu_order":0,"comment_status":"closed","ping_status":"closed","template":"template-full-width.php","meta":[],"_links":{"self":[{"href":"http:\/\/www.anadolubasinmerkezi.com\/index.php?rest_route=\/wp\/v2\/pages\/251"}],"collection":[{"href":"http:\/\/www.anadolubasinmerkezi.com\/index.php?rest_route=\/wp\/v2\/pages"}],"about":[{"href":"http:\/\/www.anadolubasinmerkezi.com\/index.php?rest_route=\/wp\/v2\/types\/page"}],"author":[{"embeddable":true,"href":"http:\/\/www.anadolubasinmerkezi.com\/index.php?rest_route=\/wp\/v2\/users\/1"}],"replies":[{"embeddable":true,"href":"http:\/\/www.anadolubasinmerkezi.com\/index.php?rest_route=%2Fwp%2Fv2%2Fcomments&post=251"}],"version-history":[{"count":1,"href":"http:\/\/www.anadolubasinmerkezi.com\/index.php?rest_route=\/wp\/v2\/pages\/251\/revisions"}],"predecessor-version":[{"id":415,"href":"http:\/\/www.anadolubasinmerkezi.com\/index.php?rest_route=\/wp\/v2\/pages\/251\/revisions\/415"}],"wp:attachment":[{"href":"http:\/\/www.anadolubasinmerkezi.com\/index.php?rest_route=%2Fwp%2Fv2%2Fmedia&parent=251"}],"curies":[{"name":"wp","href":"https:\/\/api.w.org\/{rel}","templated":true}]}}